
{"id":3153,"date":"2015-09-21T17:53:48","date_gmt":"2015-09-21T15:53:48","guid":{"rendered":"https:\/\/www.brickrknowledge.de\/?page_id=3153"},"modified":"2015-10-27T10:15:31","modified_gmt":"2015-10-27T09:15:31","slug":"visione","status":"publish","type":"page","link":"https:\/\/brickrknowledge.org\/it\/su-di-noi\/visione\/","title":{"rendered":"Visione"},"content":{"rendered":"<p>I vari connettori Brick possono essere connessi molto facilmente per realizzare semplici circuiti, affinch\u00e9 l&#8217;elettrotecnica diventi un&#8217;esperienza giocosa. Il sistema \u00e8 open, consentendo continuamente di essere modificato per l&#8217;aggiunta sperimentale di componenti. Il sistema \u00e8 inoltre adatto per esperimenti HF. I Brick&#8217;R&#8217;knowledge hanno dei connettori che consentono di connetterli in maniera affidabile in accordo alla fantasia dell&#8217;utente e dei Brick disponibili. Ogni Brick consente la connessione di altri 4 Brick, rendendo le possibilit\u00e0 di unione molteplici.<\/p>\n<p>Oltre alla connessione fisica, le caratteristiche dei connettori consentono di non pensare all&#8217;unione delle singole componenti. Due dei quattro connettori sono dedicati per il controllo del feedback di tensione (0V) e consente la costruzione di circuiti anche complessi. Brick&#8217;R&#8217;knowledge permette quindi di iniziare all&#8217;arte i principianti e di fornire degli strumenti di testing a professionisti per chiarire aspetti tecnici anche complessi. Indipendente se principiante o professionista, il sistema lavora sempre in accordo ai stessi principi. Tutti i connettori possono essere connessi aiutando a realizzare ogni tipo di progetto l&#8217;utente abbia in mente.<\/p>\n<p>I kit possono essere utilizzati per spiegare le basi dell&#8217;elettrotecnica sin dalle scuole elementari fino ad arrivare agli istituti professionali e all&#8217;universit\u00e0. La loro duttilit\u00e0 consente di adattarsi alle conoscenze dell&#8217;utente.<\/p>\n","protected":false},"excerpt":{"rendered":"<p>I vari connettori Brick possono essere connessi molto facilmente per realizzare semplici circuiti, affinch\u00e9 l&#8217;elettrotecnica diventi un&#8217;esperienza giocosa. Il sistema \u00e8 open, consentendo continuamente di essere modificato per l&#8217;aggiunta sperimentale di componenti. Il sistema \u00e8 inoltre adatto per esperimenti HF. I Brick&#8217;R&#8217;knowledge hanno dei connettori che consentono di connetterli in maniera affidabile in accordo alla [&hellip;]<\/p>\n","protected":false},"author":2,"featured_media":0,"parent":3149,"menu_order":0,"comment_status":"closed","ping_status":"closed","template":"","meta":{"footnotes":""},"categories":[],"tags":[],"class_list":["post-3153","page","type-page","status-publish","hentry"],"yoast_head":"<!-- This site is optimized with the Yoast SEO plugin v23.3 - https:\/\/yoast.com\/wordpress\/plugins\/seo\/ -->\n<title>Visione - Brick&#039;R&#039;knowledge<\/title>\n<meta name=\"robots\" content=\"index, follow, max-snippet:-1, max-image-preview:large, max-video-preview:-1\" \/>\n<link rel=\"canonical\" href=\"https:\/\/brickrknowledge.org\/it\/su-di-noi\/visione\/\" \/>\n<meta property=\"og:locale\" content=\"it_IT\" \/>\n<meta property=\"og:type\" content=\"article\" \/>\n<meta property=\"og:title\" content=\"Visione - Brick&#039;R&#039;knowledge\" \/>\n<meta property=\"og:description\" content=\"I vari connettori Brick possono essere connessi molto facilmente per realizzare semplici circuiti, affinch\u00e9 l&#8217;elettrotecnica diventi un&#8217;esperienza giocosa. Il sistema \u00e8 open, consentendo continuamente di essere modificato per l&#8217;aggiunta sperimentale di componenti. Il sistema \u00e8 inoltre adatto per esperimenti HF. I Brick&#8217;R&#8217;knowledge hanno dei connettori che consentono di connetterli in maniera affidabile in accordo alla [&hellip;]\" \/>\n<meta property=\"og:url\" content=\"https:\/\/brickrknowledge.org\/it\/su-di-noi\/visione\/\" \/>\n<meta property=\"og:site_name\" content=\"Brick&#039;R&#039;knowledge\" \/>\n<meta property=\"article:publisher\" content=\"https:\/\/www.facebook.com\/BrickRknowledge\" \/>\n<meta property=\"article:modified_time\" content=\"2015-10-27T09:15:31+00:00\" \/>\n<meta name=\"twitter:card\" content=\"summary_large_image\" \/>\n<meta name=\"twitter:site\" content=\"@brickrknowledge\" \/>\n<meta name=\"twitter:label1\" content=\"Est. reading time\" \/>\n\t<meta name=\"twitter:data1\" content=\"1 minute\" \/>\n<script type=\"application\/ld+json\" class=\"yoast-schema-graph\">{\"@context\":\"https:\/\/schema.org\",\"@graph\":[{\"@type\":\"WebPage\",\"@id\":\"https:\/\/brickrknowledge.org\/it\/su-di-noi\/visione\/\",\"url\":\"https:\/\/brickrknowledge.org\/it\/su-di-noi\/visione\/\",\"name\":\"Visione - Brick&#039;R&#039;knowledge\",\"isPartOf\":{\"@id\":\"https:\/\/brickrknowledge.com\/it\/#website\"},\"datePublished\":\"2015-09-21T15:53:48+00:00\",\"dateModified\":\"2015-10-27T09:15:31+00:00\",\"breadcrumb\":{\"@id\":\"https:\/\/brickrknowledge.org\/it\/su-di-noi\/visione\/#breadcrumb\"},\"inLanguage\":\"it-IT\",\"potentialAction\":[{\"@type\":\"ReadAction\",\"target\":[\"https:\/\/brickrknowledge.org\/it\/su-di-noi\/visione\/\"]}]},{\"@type\":\"BreadcrumbList\",\"@id\":\"https:\/\/brickrknowledge.org\/it\/su-di-noi\/visione\/#breadcrumb\",\"itemListElement\":[{\"@type\":\"ListItem\",\"position\":1,\"name\":\"Home\",\"item\":\"https:\/\/brickrknowledge.org\/it\/\"},{\"@type\":\"ListItem\",\"position\":2,\"name\":\"Su di noi\",\"item\":\"https:\/\/brickrknowledge.org\/it\/su-di-noi\/\"},{\"@type\":\"ListItem\",\"position\":3,\"name\":\"Visione\"}]},{\"@type\":\"WebSite\",\"@id\":\"https:\/\/brickrknowledge.com\/it\/#website\",\"url\":\"https:\/\/brickrknowledge.com\/it\/\",\"name\":\"Brick&#039;R&#039;knowledge\",\"description\":\"\",\"potentialAction\":[{\"@type\":\"SearchAction\",\"target\":{\"@type\":\"EntryPoint\",\"urlTemplate\":\"https:\/\/brickrknowledge.com\/it\/?s={search_term_string}\"},\"query-input\":\"required name=search_term_string\"}],\"inLanguage\":\"it-IT\"}]}<\/script>\n<!-- \/ Yoast SEO plugin. -->","yoast_head_json":{"title":"Visione - Brick&#039;R&#039;knowledge","robots":{"index":"index","follow":"follow","max-snippet":"max-snippet:-1","max-image-preview":"max-image-preview:large","max-video-preview":"max-video-preview:-1"},"canonical":"https:\/\/brickrknowledge.org\/it\/su-di-noi\/visione\/","og_locale":"it_IT","og_type":"article","og_title":"Visione - Brick&#039;R&#039;knowledge","og_description":"I vari connettori Brick possono essere connessi molto facilmente per realizzare semplici circuiti, affinch\u00e9 l&#8217;elettrotecnica diventi un&#8217;esperienza giocosa. Il sistema \u00e8 open, consentendo continuamente di essere modificato per l&#8217;aggiunta sperimentale di componenti. Il sistema \u00e8 inoltre adatto per esperimenti HF. I Brick&#8217;R&#8217;knowledge hanno dei connettori che consentono di connetterli in maniera affidabile in accordo alla [&hellip;]","og_url":"https:\/\/brickrknowledge.org\/it\/su-di-noi\/visione\/","og_site_name":"Brick&#039;R&#039;knowledge","article_publisher":"https:\/\/www.facebook.com\/BrickRknowledge","article_modified_time":"2015-10-27T09:15:31+00:00","twitter_card":"summary_large_image","twitter_site":"@brickrknowledge","twitter_misc":{"Est. reading time":"1 minute"},"schema":{"@context":"https:\/\/schema.org","@graph":[{"@type":"WebPage","@id":"https:\/\/brickrknowledge.org\/it\/su-di-noi\/visione\/","url":"https:\/\/brickrknowledge.org\/it\/su-di-noi\/visione\/","name":"Visione - Brick&#039;R&#039;knowledge","isPartOf":{"@id":"https:\/\/brickrknowledge.com\/it\/#website"},"datePublished":"2015-09-21T15:53:48+00:00","dateModified":"2015-10-27T09:15:31+00:00","breadcrumb":{"@id":"https:\/\/brickrknowledge.org\/it\/su-di-noi\/visione\/#breadcrumb"},"inLanguage":"it-IT","potentialAction":[{"@type":"ReadAction","target":["https:\/\/brickrknowledge.org\/it\/su-di-noi\/visione\/"]}]},{"@type":"BreadcrumbList","@id":"https:\/\/brickrknowledge.org\/it\/su-di-noi\/visione\/#breadcrumb","itemListElement":[{"@type":"ListItem","position":1,"name":"Home","item":"https:\/\/brickrknowledge.org\/it\/"},{"@type":"ListItem","position":2,"name":"Su di noi","item":"https:\/\/brickrknowledge.org\/it\/su-di-noi\/"},{"@type":"ListItem","position":3,"name":"Visione"}]},{"@type":"WebSite","@id":"https:\/\/brickrknowledge.com\/it\/#website","url":"https:\/\/brickrknowledge.com\/it\/","name":"Brick&#039;R&#039;knowledge","description":"","potentialAction":[{"@type":"SearchAction","target":{"@type":"EntryPoint","urlTemplate":"https:\/\/brickrknowledge.com\/it\/?s={search_term_string}"},"query-input":"required name=search_term_string"}],"inLanguage":"it-IT"}]}},"_links":{"self":[{"href":"https:\/\/brickrknowledge.org\/it\/wp-json\/wp\/v2\/pages\/3153"}],"collection":[{"href":"https:\/\/brickrknowledge.org\/it\/wp-json\/wp\/v2\/pages"}],"about":[{"href":"https:\/\/brickrknowledge.org\/it\/wp-json\/wp\/v2\/types\/page"}],"author":[{"embeddable":true,"href":"https:\/\/brickrknowledge.org\/it\/wp-json\/wp\/v2\/users\/2"}],"replies":[{"embeddable":true,"href":"https:\/\/brickrknowledge.org\/it\/wp-json\/wp\/v2\/comments?post=3153"}],"version-history":[{"count":0,"href":"https:\/\/brickrknowledge.org\/it\/wp-json\/wp\/v2\/pages\/3153\/revisions"}],"up":[{"embeddable":true,"href":"https:\/\/brickrknowledge.org\/it\/wp-json\/wp\/v2\/pages\/3149"}],"wp:attachment":[{"href":"https:\/\/brickrknowledge.org\/it\/wp-json\/wp\/v2\/media?parent=3153"}],"wp:term":[{"taxonomy":"category","embeddable":true,"href":"https:\/\/brickrknowledge.org\/it\/wp-json\/wp\/v2\/categories?post=3153"},{"taxonomy":"post_tag","embeddable":true,"href":"https:\/\/brickrknowledge.org\/it\/wp-json\/wp\/v2\/tags?post=3153"}],"curies":[{"name":"wp","href":"https:\/\/api.w.org\/{rel}","templated":true}]}}